{"id":1615,"date":"2023-09-12T08:26:57","date_gmt":"2023-09-12T08:26:57","guid":{"rendered":"https:\/\/site3.easyceotech.com\/?page_id=1615"},"modified":"2023-09-12T08:28:06","modified_gmt":"2023-09-12T08:28:06","slug":"healthcare-sector","status":"publish","type":"page","link":"https:\/\/met3dp.sg\/de\/healthcare-sector\/","title":{"rendered":"Gesundheitswesen"},"content":{"rendered":"<div data-elementor-type=\"wp-page\" data-elementor-id=\"1615\" class=\"elementor elementor-1615\" data-elementor-post-type=\"page\">\n\t\t\t\t<div class=\"elementor-element elementor-element-c7da117 e-flex e-con-boxed e-con e-parent\" data-id=\"c7da117\" data-element_type=\"container\" data-e-type=\"container\" data-settings=\"{&quot;background_background&quot;:&quot;classic&quot;}\">\n\t\t\t\t\t<div class=\"e-con-inner\">\n\t\t\t\t<div class=\"elementor-element elementor-element-86c9f31 elementor-widget elementor-widget-heading\" data-id=\"86c9f31\" data-element_type=\"widget\" data-e-type=\"widget\" data-widget_type=\"heading.default\">\n\t\t\t\t<div class=\"elementor-widget-container\">\n\t\t\t\t\t<h1 class=\"elementor-heading-title elementor-size-default\">Gesundheitswesen<\/h1>\t\t\t\t<\/div>\n\t\t\t\t<\/div>\n\t\t\t\t\t<\/div>\n\t\t\t\t<\/div>\n\t\t<div class=\"elementor-element elementor-element-cd163d5 e-flex e-con-boxed e-con e-parent\" data-id=\"cd163d5\" data-element_type=\"container\" data-e-type=\"container\">\n\t\t\t\t\t<div class=\"e-con-inner\">\n\t\t<div class=\"elementor-element elementor-element-1867966 e-con-full e-flex e-con e-parent\" data-id=\"1867966\" data-element_type=\"container\" data-e-type=\"container\">\n\t\t\t\t<div class=\"elementor-element elementor-element-4c82533 elementor-widget elementor-widget-image\" data-id=\"4c82533\" data-element_type=\"widget\" data-e-type=\"widget\" data-widget_type=\"image.default\">\n\t\t\t\t<div class=\"elementor-widget-container\">\n\t\t\t\t\t\t\t\t\t\t\t\t\t\t\t<img fetchpriority=\"high\" decoding=\"async\" width=\"600\" height=\"600\" src=\"https:\/\/met3dp.sg\/wp-content\/uploads\/2023\/09\/implants.jpg\" class=\"attachment-large size-large wp-image-1586\" alt=\"\" srcset=\"https:\/\/met3dp.sg\/wp-content\/uploads\/2023\/09\/implants.jpg 600w, https:\/\/met3dp.sg\/wp-content\/uploads\/2023\/09\/implants-300x300.jpg 300w, https:\/\/met3dp.sg\/wp-content\/uploads\/2023\/09\/implants-150x150.jpg 150w, https:\/\/met3dp.sg\/wp-content\/uploads\/2023\/09\/implants-100x100.jpg 100w\" sizes=\"(max-width: 600px) 100vw, 600px\" title=\"\">\t\t\t\t\t\t\t\t\t\t\t\t\t\t\t<\/div>\n\t\t\t\t<\/div>\n\t\t\t\t<\/div>\n\t\t<div class=\"elementor-element elementor-element-da6c631 e-con-full e-flex e-con e-parent\" data-id=\"da6c631\" data-element_type=\"container\" data-e-type=\"container\">\n\t\t\t\t<div class=\"elementor-element elementor-element-b24b724 elementor-widget elementor-widget-heading\" data-id=\"b24b724\" data-element_type=\"widget\" data-e-type=\"widget\" data-widget_type=\"heading.default\">\n\t\t\t\t<div class=\"elementor-widget-container\">\n\t\t\t\t\t<h2 class=\"elementor-heading-title elementor-size-default\">Der Gesundheitssektor ist einem st\u00e4ndigen Wandel unterworfen. <\/h2>\t\t\t\t<\/div>\n\t\t\t\t<\/div>\n\t\t\t\t<div class=\"elementor-element elementor-element-119154f elementor-widget elementor-widget-text-editor\" data-id=\"119154f\" data-element_type=\"widget\" data-e-type=\"widget\" data-widget_type=\"text-editor.default\">\n\t\t\t\t<div class=\"elementor-widget-container\">\n\t\t\t\t\t\t\t\t\t<p class=\"whitespace-pre-wrap\">Die additive Fertigung ver\u00e4ndert die Produktion von Medizinprodukten und erm\u00f6glicht personalisierte Implantate und Instrumente. Der 3D-Druck von Metall erm\u00f6glicht komplexe Geometrien, die mit herk\u00f6mmlichen Techniken nicht m\u00f6glich sind. Dies erm\u00f6glicht eine bessere anatomische Passform und Leistung von Implantaten. Er erm\u00f6glicht auch die Konsolidierung von Komponenten zu einzelnen gedruckten Teilen.<\/p><p class=\"whitespace-pre-wrap\">Metal 3DP ist ein idealer Partner f\u00fcr medizinische Unternehmen, die Metall-AM-L\u00f6sungen einsetzen. Unsere fortschrittlichen Systeme f\u00fcr das selektive Elektronenstrahlschmelzen eignen sich hervorragend f\u00fcr den Druck von Titan- und Kobalt-Chrom-Legierungen, die h\u00e4ufig f\u00fcr orthop\u00e4dische und zahnmedizinische Implantate verwendet werden. Unser Verfahren erzielt au\u00dfergew\u00f6hnliche mechanische Eigenschaften und Biokompatibilit\u00e4t, die f\u00fcr chirurgische Anwendungen erforderlich sind. Unsere Drucker bieten auch die Pr\u00e4zision und Oberfl\u00e4cheng\u00fcte, die f\u00fcr kleine, komplizierte medizinische Teile erforderlich sind.<\/p><p class=\"whitespace-pre-wrap\">Dar\u00fcber hinaus bietet Metal 3DP eine breite Palette an biokompatiblen Metallpulvern, die f\u00fcr unsere Systeme optimiert sind. Dazu geh\u00f6ren Titan, Kobalt-Chrom, Edelstahl und mehr. Unsere hochwertigen Pulver gew\u00e4hrleisten einen zuverl\u00e4ssigen, wiederholbaren Druck von dichten, starken Komponenten. Mit seiner Erfahrung in regulierten Umgebungen unterst\u00fctzt Metal 3DP seine Kunden bei der Validierung gedruckter medizinischer Teile, die strengen Standards entsprechen.<\/p><p class=\"whitespace-pre-wrap\">Durch die Nutzung unserer f\u00fchrenden F\u00e4higkeiten im Bereich der additiven Fertigung von Metall k\u00f6nnen Hersteller von Medizinprodukten den 3D-Druck nutzen, um die Ergebnisse f\u00fcr Patienten zu verbessern. Metal 3DP arbeitet mit Organisationen des Gesundheitswesens zusammen, um Metall-AM zu implementieren und seine Vorteile f\u00fcr die personalisierte Medizin zu erschlie\u00dfen.<\/p>\t\t\t\t\t\t\t\t<\/div>\n\t\t\t\t<\/div>\n\t\t\t\t<\/div>\n\t\t\t\t\t<\/div>\n\t\t\t\t<\/div>\n\t\t\t\t<\/div>","protected":false},"excerpt":{"rendered":"<p>Healthcare Sector The Healthcare Sector is one of constant change. Additive manufacturing is transforming medical device production, enabling personalized implants and instruments. Metal 3D printing facilitates complex geometries not possible with conventional techniques. This allows more anatomical fit and performance for implants. It also permits consolidation of components into single printed parts. Metal 3DP is [&hellip;]<\/p>\n","protected":false},"author":1,"featured_media":0,"parent":0,"menu_order":0,"comment_status":"closed","ping_status":"closed","template":"","meta":{"footnotes":""},"class_list":["post-1615","page","type-page","status-publish","hentry"],"blocksy_meta":[],"_links":{"self":[{"href":"https:\/\/met3dp.sg\/de\/wp-json\/wp\/v2\/pages\/1615","targetHints":{"allow":["GET"]}}],"collection":[{"href":"https:\/\/met3dp.sg\/de\/wp-json\/wp\/v2\/pages"}],"about":[{"href":"https:\/\/met3dp.sg\/de\/wp-json\/wp\/v2\/types\/page"}],"author":[{"embeddable":true,"href":"https:\/\/met3dp.sg\/de\/wp-json\/wp\/v2\/users\/1"}],"replies":[{"embeddable":true,"href":"https:\/\/met3dp.sg\/de\/wp-json\/wp\/v2\/comments?post=1615"}],"version-history":[{"count":4,"href":"https:\/\/met3dp.sg\/de\/wp-json\/wp\/v2\/pages\/1615\/revisions"}],"predecessor-version":[{"id":1619,"href":"https:\/\/met3dp.sg\/de\/wp-json\/wp\/v2\/pages\/1615\/revisions\/1619"}],"wp:attachment":[{"href":"https:\/\/met3dp.sg\/de\/wp-json\/wp\/v2\/media?parent=1615"}],"curies":[{"name":"wp","href":"https:\/\/api.w.org\/{rel}","templated":true}]}}