{"id":1607,"date":"2023-09-12T08:12:06","date_gmt":"2023-09-12T08:12:06","guid":{"rendered":"https:\/\/site3.easyceotech.com\/?page_id=1607"},"modified":"2023-09-12T08:26:14","modified_gmt":"2023-09-12T08:26:14","slug":"aerospace-industry","status":"publish","type":"page","link":"https:\/\/met3dp.sg\/de\/aerospace-industry\/","title":{"rendered":"Luft- und Raumfahrtindustrie"},"content":{"rendered":"<div data-elementor-type=\"wp-page\" data-elementor-id=\"1607\" class=\"elementor elementor-1607\" data-elementor-post-type=\"page\">\n\t\t\t\t<div class=\"elementor-element elementor-element-871d221 e-flex e-con-boxed e-con e-parent\" data-id=\"871d221\" data-element_type=\"container\" data-e-type=\"container\" data-settings=\"{&quot;background_background&quot;:&quot;classic&quot;}\">\n\t\t\t\t\t<div class=\"e-con-inner\">\n\t\t\t\t<div class=\"elementor-element elementor-element-375628f elementor-widget elementor-widget-heading\" data-id=\"375628f\" data-element_type=\"widget\" data-e-type=\"widget\" data-widget_type=\"heading.default\">\n\t\t\t\t<div class=\"elementor-widget-container\">\n\t\t\t\t\t<h1 class=\"elementor-heading-title elementor-size-default\">Luft- und Raumfahrtindustrie<\/h1>\t\t\t\t<\/div>\n\t\t\t\t<\/div>\n\t\t\t\t\t<\/div>\n\t\t\t\t<\/div>\n\t\t<div class=\"elementor-element elementor-element-9da4c2a e-flex e-con-boxed e-con e-parent\" data-id=\"9da4c2a\" data-element_type=\"container\" data-e-type=\"container\">\n\t\t\t\t\t<div class=\"e-con-inner\">\n\t\t<div class=\"elementor-element elementor-element-b04b777 e-con-full e-flex e-con e-parent\" data-id=\"b04b777\" data-element_type=\"container\" data-e-type=\"container\">\n\t\t\t\t<div class=\"elementor-element elementor-element-34208cb elementor-widget elementor-widget-image\" data-id=\"34208cb\" data-element_type=\"widget\" data-e-type=\"widget\" data-widget_type=\"image.default\">\n\t\t\t\t<div class=\"elementor-widget-container\">\n\t\t\t\t\t\t\t\t\t\t\t\t\t\t\t<img fetchpriority=\"high\" decoding=\"async\" width=\"600\" height=\"600\" src=\"https:\/\/met3dp.sg\/wp-content\/uploads\/2023\/09\/airplane.jpg\" class=\"attachment-large size-large wp-image-1587\" alt=\"\" srcset=\"https:\/\/met3dp.sg\/wp-content\/uploads\/2023\/09\/airplane.jpg 600w, https:\/\/met3dp.sg\/wp-content\/uploads\/2023\/09\/airplane-300x300.jpg 300w, https:\/\/met3dp.sg\/wp-content\/uploads\/2023\/09\/airplane-150x150.jpg 150w, https:\/\/met3dp.sg\/wp-content\/uploads\/2023\/09\/airplane-100x100.jpg 100w\" sizes=\"(max-width: 600px) 100vw, 600px\" title=\"\">\t\t\t\t\t\t\t\t\t\t\t\t\t\t\t<\/div>\n\t\t\t\t<\/div>\n\t\t\t\t<\/div>\n\t\t<div class=\"elementor-element elementor-element-485774c e-con-full e-flex e-con e-parent\" data-id=\"485774c\" data-element_type=\"container\" data-e-type=\"container\">\n\t\t\t\t<div class=\"elementor-element elementor-element-bf7d78a elementor-widget elementor-widget-heading\" data-id=\"bf7d78a\" data-element_type=\"widget\" data-e-type=\"widget\" data-widget_type=\"heading.default\">\n\t\t\t\t<div class=\"elementor-widget-container\">\n\t\t\t\t\t<h2 class=\"elementor-heading-title elementor-size-default\">Die Luft- und Raumfahrtindustrie befindet sich in einem st\u00e4ndigen Wandel. <\/h2>\t\t\t\t<\/div>\n\t\t\t\t<\/div>\n\t\t\t\t<div class=\"elementor-element elementor-element-8de3dee elementor-widget elementor-widget-text-editor\" data-id=\"8de3dee\" data-element_type=\"widget\" data-e-type=\"widget\" data-widget_type=\"text-editor.default\">\n\t\t\t\t<div class=\"elementor-widget-container\">\n\t\t\t\t\t\t\t\t\t<p>Die Luft- und Raumfahrtindustrie ist einer der Hauptanwender des 3D-Drucks von Metallen und nutzt die Technologie zur Herstellung leichter, leistungsstarker Komponenten. Die additive Fertigung von Metall erm\u00f6glicht komplexe Geometrien und konsolidierte Baugruppen, wodurch das Gewicht und die Anzahl der Teile im Vergleich zur herk\u00f6mmlichen Fertigung reduziert werden. Dies ist f\u00fcr Flugzeuge von entscheidender Bedeutung, da sich jedes eingesparte Kilogramm direkt in Treibstoffeinsparungen niederschl\u00e4gt.<\/p><p>Metal 3DP ist ein idealer Partner f\u00fcr Luft- und Raumfahrtunternehmen, die additive Verfahren erforschen. Unsere fortschrittlichen Systeme f\u00fcr das selektive Elektronenstrahlschmelzen eignen sich hervorragend f\u00fcr den Druck reaktiver Metalle wie Titan- und Nickellegierungen, die h\u00e4ufig in Triebwerken, Strukturrahmen und Komponenten verwendet werden. Mit diesem Verfahren werden au\u00dfergew\u00f6hnliche mechanische Eigenschaften erzielt, die den Standards der Luft- und Raumfahrt entsprechen. Unsere Systeme bieten auch gro\u00dfe Produktionsmengen f\u00fcr die Herstellung von Teilen in gro\u00dfem Ma\u00dfstab.<\/p><p>Dar\u00fcber hinaus bietet Metal 3DP ein breites Portfolio an sph\u00e4rischen Metallpulvern, die f\u00fcr unsere Drucker optimiert sind. Dazu geh\u00f6ren Titan, Aluminium, Kobalt-Chrom, Nickelsuperlegierungen und mehr. Unsere Pulver gew\u00e4hrleisten dichte, hochwertige Drucke f\u00fcr Flugzeugteile, die extremen Belastungen ausgesetzt sind. Mit seiner umfassenden Erfahrung in der Luft- und Raumfahrt unterst\u00fctzt Metal 3DP seine Kunden bei der Implementierung von Metall-AM und der Validierung von gedruckten Hochleistungsteilen f\u00fcr den Flug.<\/p><p>Durch den Einsatz unserer f\u00fchrenden Drucker f\u00fcr selektives Elektronenstrahlschmelzen und ma\u00dfgeschneiderte Metallpulver k\u00f6nnen Hersteller in der Luft- und Raumfahrtindustrie die additive Fertigung nutzen, um die Produktion zu rationalisieren und Fahrzeugdesigns der n\u00e4chsten Generation zu realisieren. Metal 3DP bietet umfassende L\u00f6sungen, um den Metall-3D-Druck in der Luftfahrt voranzutreiben.<\/p>\t\t\t\t\t\t\t\t<\/div>\n\t\t\t\t<\/div>\n\t\t\t\t<\/div>\n\t\t\t\t\t<\/div>\n\t\t\t\t<\/div>\n\t\t\t\t<\/div>","protected":false},"excerpt":{"rendered":"<p>Aerospace Industry The Aerospace industry is one of constant change. The aerospace sector is a major adopter of metal 3D printing, leveraging the technology to produce lightweight, high-performance components. Metal additive manufacturing enables complex geometries and consolidated assemblies, reducing weight and part count versus traditional manufacturing. This is critical for aircraft as every kilogram reduced [&hellip;]<\/p>\n","protected":false},"author":1,"featured_media":0,"parent":0,"menu_order":0,"comment_status":"closed","ping_status":"closed","template":"","meta":{"footnotes":""},"class_list":["post-1607","page","type-page","status-publish","hentry"],"blocksy_meta":[],"_links":{"self":[{"href":"https:\/\/met3dp.sg\/de\/wp-json\/wp\/v2\/pages\/1607","targetHints":{"allow":["GET"]}}],"collection":[{"href":"https:\/\/met3dp.sg\/de\/wp-json\/wp\/v2\/pages"}],"about":[{"href":"https:\/\/met3dp.sg\/de\/wp-json\/wp\/v2\/types\/page"}],"author":[{"embeddable":true,"href":"https:\/\/met3dp.sg\/de\/wp-json\/wp\/v2\/users\/1"}],"replies":[{"embeddable":true,"href":"https:\/\/met3dp.sg\/de\/wp-json\/wp\/v2\/comments?post=1607"}],"version-history":[{"count":7,"href":"https:\/\/met3dp.sg\/de\/wp-json\/wp\/v2\/pages\/1607\/revisions"}],"predecessor-version":[{"id":1614,"href":"https:\/\/met3dp.sg\/de\/wp-json\/wp\/v2\/pages\/1607\/revisions\/1614"}],"wp:attachment":[{"href":"https:\/\/met3dp.sg\/de\/wp-json\/wp\/v2\/media?parent=1607"}],"curies":[{"name":"wp","href":"https:\/\/api.w.org\/{rel}","templated":true}]}}