{"id":1004,"date":"2023-09-04T03:33:24","date_gmt":"2023-09-04T03:33:24","guid":{"rendered":"https:\/\/site3.easyceotech.com\/?page_id=1004"},"modified":"2023-10-11T03:02:13","modified_gmt":"2023-10-11T03:02:13","slug":"printing-methods","status":"publish","type":"page","link":"https:\/\/met3dp.sg\/de\/printing-methods\/","title":{"rendered":"Anmeldung"},"content":{"rendered":"<div data-elementor-type=\"wp-page\" data-elementor-id=\"1004\" class=\"elementor elementor-1004\" data-elementor-post-type=\"page\">\n\t\t\t\t<div class=\"elementor-element elementor-element-2ea7f01 e-flex e-con-boxed e-con e-parent\" data-id=\"2ea7f01\" data-element_type=\"container\" data-e-type=\"container\" data-settings=\"{&quot;background_background&quot;:&quot;classic&quot;}\">\n\t\t\t\t\t<div class=\"e-con-inner\">\n\t\t\t\t<div class=\"elementor-element elementor-element-9ca996a elementor-widget elementor-widget-heading\" data-id=\"9ca996a\" data-element_type=\"widget\" data-e-type=\"widget\" data-widget_type=\"heading.default\">\n\t\t\t\t<div class=\"elementor-widget-container\">\n\t\t\t\t\t<h1 class=\"elementor-heading-title elementor-size-default\">3D-Druck Metallpulver-Druckverfahren<\/h1>\t\t\t\t<\/div>\n\t\t\t\t<\/div>\n\t\t\t\t<div class=\"elementor-element elementor-element-a3ce422 elementor-widget elementor-widget-text-editor\" data-id=\"a3ce422\" data-element_type=\"widget\" data-e-type=\"widget\" data-widget_type=\"text-editor.default\">\n\t\t\t\t<div class=\"elementor-widget-container\">\n\t\t\t\t\t\t\t\t\t<p>M\u00f6glichkeiten freisetzen: Entdecken Sie die vielf\u00e4ltigen Industrieanwendungen von Metal3DP<\/p>\t\t\t\t\t\t\t\t<\/div>\n\t\t\t\t<\/div>\n\t\t\t\t\t<\/div>\n\t\t\t\t<\/div>\n\t\t<div class=\"elementor-element elementor-element-e4d0497 e-flex e-con-boxed e-con e-parent\" data-id=\"e4d0497\" data-element_type=\"container\" data-e-type=\"container\">\n\t\t\t\t\t<div class=\"e-con-inner\">\n\t\t\t\t<div class=\"elementor-element elementor-element-50adb03 elementor-widget elementor-widget-text-editor\" data-id=\"50adb03\" data-element_type=\"widget\" data-e-type=\"widget\" data-widget_type=\"text-editor.default\">\n\t\t\t\t<div class=\"elementor-widget-container\">\n\t\t\t\t\t\t\t\t\t<p class=\"whitespace-pre-wrap\">Beim 3D-Druck von Metallteilen werden feine Metallpulver auf der Grundlage eines digitalen Modells selektiv Schicht f\u00fcr Schicht zusammengef\u00fcgt. F\u00fcr das Schmelzen von Metallpulvern gibt es verschiedene Drucktechniken:<\/p><p class=\"whitespace-pre-wrap\"><strong>Selektives Laserschmelzen (SLM)<\/strong> verwendet einen Hochleistungslaser, um Metallpulverpartikel selektiv zu schmelzen und miteinander zu verschmelzen. Auf diese Weise entstehen nahezu vollst\u00e4ndig dichte Teile mit hoher Pr\u00e4zision und komplizierten Details. SLM ist ideal f\u00fcr reaktive Metalle wie Titan und Nickellegierungen.<\/p><p class=\"whitespace-pre-wrap\"><strong>Elektronenstrahlschmelzen (EBM)<\/strong> nutzt einen Elektronenstrahl in einem Vakuum, um aufeinanderfolgende Schichten von Metallpulver zu schmelzen. EBM erm\u00f6glicht das Drucken gro\u00dfer, komplexer Titanstrukturen f\u00fcr Anwendungen in der Luft- und Raumfahrt.<\/p><p class=\"whitespace-pre-wrap\"><strong>Hei\u00df-Isostatisches Pressen (HIP)<\/strong> - Dabei handelt es sich um eine Nachbearbeitungsmethode, bei der hohe Temperaturen und isostatischer Gasdruck angewendet werden, um 3D-gedruckte Metallteile zu komprimieren und zu verdichten. HIP tr\u00e4gt zur Verbesserung der mechanischen Eigenschaften und der Materialintegrit\u00e4t bei. Es wird h\u00e4ufig f\u00fcr missionskritische Komponenten in der Luft- und Raumfahrt verwendet.<\/p><p class=\"whitespace-pre-wrap\"><strong>Metall-Spritzgie\u00dfen (MIM)<\/strong> - Feines Metallpulver wird mit einem Bindemittel kombiniert und im Spritzgussverfahren zu komplexen netzf\u00f6rmigen Gr\u00fcnteilen geformt. Anschlie\u00dfend wird das Bindemittel entfernt und die Metallteile werden gesintert und verdichtet. MIM erm\u00f6glicht die kosteng\u00fcnstige Herstellung gro\u00dfer Mengen kleiner, komplexer Metallteile mit guter Wiederholbarkeit.<\/p><p class=\"whitespace-pre-wrap\">Beim direkten Metall-Lasersintern (DMLS) wird ein Laser verwendet, um das Metallpulver teilweise zu einer festen Masse zu schmelzen. DMLS bietet Geschwindigkeit und niedrigere Kosten f\u00fcr einige Anwendungen. F\u00fcr die volle Dichte kann eine Nachbearbeitung erforderlich sein.<\/p><p class=\"whitespace-pre-wrap\">Beim MetalBinder-Jetting wird ein fl\u00fcssiges Bindemittel auf Metallpulverbetten aufgebracht, um die Partikel zu binden. Die gr\u00fcnen Teile werden sp\u00e4ter in einem Ofen gesintert. Diese Technik erm\u00f6glicht die Produktion hoher St\u00fcckzahlen.<\/p><p class=\"whitespace-pre-wrap\">Zu den wichtigsten Anwendungen des Metall-3D-Drucks geh\u00f6ren leichte Flugzeugkomponenten, patientenspezifische Implantate und Prothesen im Gesundheitswesen, Werkzeuge f\u00fcr den Spritzguss und komplexe Industrieteile mit verbesserter thermischer oder struktureller Leistung. Die F\u00e4higkeit, komplizierte Geometrien herzustellen, die mit herk\u00f6mmlichen Methoden nicht erreicht werden k\u00f6nnen, macht den Metall-3D-Druck \u00e4u\u00dferst attraktiv.<\/p><div class=\"flex gap-0.5 -mx-1 -mt-2 text-stone-500 justify-between items-stretch\"><div class=\"flex gap-0.5\"><div class=\"contents\">\u00a0<\/div><\/div><\/div>\t\t\t\t\t\t\t\t<\/div>\n\t\t\t\t<\/div>\n\t\t\t\t\t<\/div>\n\t\t\t\t<\/div>\n\t\t<div class=\"elementor-element elementor-element-021ce99 e-flex e-con-boxed e-con e-parent\" data-id=\"021ce99\" data-element_type=\"container\" data-e-type=\"container\" data-settings=\"{&quot;background_background&quot;:&quot;classic&quot;}\">\n\t\t\t\t\t<div class=\"e-con-inner\">\n\t\t<div class=\"elementor-element elementor-element-e67372f e-con-full e-flex e-con e-child\" data-id=\"e67372f\" data-element_type=\"container\" data-e-type=\"container\" data-settings=\"{&quot;background_background&quot;:&quot;classic&quot;}\">\n\t\t<div class=\"elementor-element elementor-element-ed4c201 e-flex e-con-boxed e-con e-child\" data-id=\"ed4c201\" data-element_type=\"container\" data-e-type=\"container\" data-settings=\"{&quot;background_background&quot;:&quot;classic&quot;}\">\n\t\t\t\t\t<div class=\"e-con-inner\">\n\t\t\t\t<div class=\"elementor-element elementor-element-0ee55e0 elementor-widget elementor-widget-image\" data-id=\"0ee55e0\" data-element_type=\"widget\" data-e-type=\"widget\" data-widget_type=\"image.default\">\n\t\t\t\t<div class=\"elementor-widget-container\">\n\t\t\t\t\t\t\t\t\t\t\t\t\t\t\t<img fetchpriority=\"high\" decoding=\"async\" width=\"599\" height=\"800\" src=\"https:\/\/met3dp.sg\/wp-content\/uploads\/2023\/09\/Vseires01.jpg\" class=\"attachment-large size-large wp-image-1031\" alt=\"\" srcset=\"https:\/\/met3dp.sg\/wp-content\/uploads\/2023\/09\/Vseires01.jpg 599w, https:\/\/met3dp.sg\/wp-content\/uploads\/2023\/09\/Vseires01-225x300.jpg 225w\" sizes=\"(max-width: 599px) 100vw, 599px\" title=\"\">\t\t\t\t\t\t\t\t\t\t\t\t\t\t\t<\/div>\n\t\t\t\t<\/div>\n\t\t\t\t\t<\/div>\n\t\t\t\t<\/div>\n\t\t<div class=\"elementor-element elementor-element-277e978 e-flex e-con-boxed e-con e-child\" data-id=\"277e978\" data-element_type=\"container\" data-e-type=\"container\" data-settings=\"{&quot;background_background&quot;:&quot;classic&quot;}\">\n\t\t\t\t\t<div class=\"e-con-inner\">\n\t\t\t\t<div class=\"elementor-element elementor-element-b48e4f3 elementor-widget elementor-widget-heading\" data-id=\"b48e4f3\" data-element_type=\"widget\" data-e-type=\"widget\" data-widget_type=\"heading.default\">\n\t\t\t\t<div class=\"elementor-widget-container\">\n\t\t\t\t\t<h3 class=\"elementor-heading-title elementor-size-default\">HIP-Technologie<\/h3>\t\t\t\t<\/div>\n\t\t\t\t<\/div>\n\t\t\t\t<div class=\"elementor-element elementor-element-13728b0 elementor-widget elementor-widget-text-editor\" data-id=\"13728b0\" data-element_type=\"widget\" data-e-type=\"widget\" data-widget_type=\"text-editor.default\">\n\t\t\t\t<div class=\"elementor-widget-container\">\n\t\t\t\t\t\t\t\t\t<p>Bei der Technologie des Hei\u00df-Isostatischen Pressens (HIP) wird das Produkt in einen geschlossenen Beh\u00e4lter gegeben, mit Inertgas gef\u00fcllt und bei sehr hoher Temperatur gesintert oder verdichtet...<\/p>\t\t\t\t\t\t\t\t<\/div>\n\t\t\t\t<\/div>\n\t\t\t\t<div class=\"elementor-element elementor-element-cdcfbed elementor-widget elementor-widget-button\" data-id=\"cdcfbed\" data-element_type=\"widget\" data-e-type=\"widget\" data-widget_type=\"button.default\">\n\t\t\t\t<div class=\"elementor-widget-container\">\n\t\t\t\t\t\t\t\t\t<div class=\"elementor-button-wrapper\">\n\t\t\t\t\t<a class=\"elementor-button elementor-button-link elementor-size-sm\" href=\"https:\/\/met3dp.sg\/de\/hip-technology\/\">\n\t\t\t\t\t\t<span class=\"elementor-button-content-wrapper\">\n\t\t\t\t\t\t<span class=\"elementor-button-icon\">\n\t\t\t\t<svg xmlns=\"http:\/\/www.w3.org\/2000\/svg\" xmlns:xlink=\"http:\/\/www.w3.org\/1999\/xlink\" class=\"icon\" viewbox=\"0 0 1024 1024\" width=\"200\" height=\"200\"><path d=\"M873.1 596.2l-164-208C703 380.5 693.8 376 684 376h-64.8c-6.7 0-10.4 7.7-6.3 13l144.3 183H152c-4.4 0-8 3.6-8 8v60c0 4.4 3.6 8 8 8h695.9c26.8 0 41.7-30.8 25.2-51.8z\"><\/path><\/svg>\t\t\t<\/span>\n\t\t\t\t\t\t\t\t\t<span class=\"elementor-button-text\">MEHR ENTDECKEN<\/span>\n\t\t\t\t\t<\/span>\n\t\t\t\t\t<\/a>\n\t\t\t\t<\/div>\n\t\t\t\t\t\t\t\t<\/div>\n\t\t\t\t<\/div>\n\t\t\t\t\t<\/div>\n\t\t\t\t<\/div>\n\t\t\t\t<\/div>\n\t\t<div class=\"elementor-element elementor-element-c125703 e-con-full e-flex e-con e-child\" data-id=\"c125703\" data-element_type=\"container\" data-e-type=\"container\" data-settings=\"{&quot;background_background&quot;:&quot;classic&quot;}\">\n\t\t<div class=\"elementor-element elementor-element-5e6c8ea e-flex e-con-boxed e-con e-child\" data-id=\"5e6c8ea\" data-element_type=\"container\" data-e-type=\"container\" data-settings=\"{&quot;background_background&quot;:&quot;classic&quot;}\">\n\t\t\t\t\t<div class=\"e-con-inner\">\n\t\t\t\t<div class=\"elementor-element elementor-element-8836862 elementor-widget elementor-widget-image\" data-id=\"8836862\" data-element_type=\"widget\" data-e-type=\"widget\" data-widget_type=\"image.default\">\n\t\t\t\t<div class=\"elementor-widget-container\">\n\t\t\t\t\t\t\t\t\t\t\t\t\t\t\t<img decoding=\"async\" width=\"600\" height=\"800\" src=\"https:\/\/met3dp.sg\/wp-content\/uploads\/2023\/09\/Vseires04.jpg\" class=\"attachment-large size-large wp-image-1032\" alt=\"\" srcset=\"https:\/\/met3dp.sg\/wp-content\/uploads\/2023\/09\/Vseires04.jpg 600w, https:\/\/met3dp.sg\/wp-content\/uploads\/2023\/09\/Vseires04-225x300.jpg 225w\" sizes=\"(max-width: 600px) 100vw, 600px\" title=\"\">\t\t\t\t\t\t\t\t\t\t\t\t\t\t\t<\/div>\n\t\t\t\t<\/div>\n\t\t\t\t\t<\/div>\n\t\t\t\t<\/div>\n\t\t<div class=\"elementor-element elementor-element-6979a37 e-flex e-con-boxed e-con e-child\" data-id=\"6979a37\" data-element_type=\"container\" data-e-type=\"container\" data-settings=\"{&quot;background_background&quot;:&quot;classic&quot;}\">\n\t\t\t\t\t<div class=\"e-con-inner\">\n\t\t\t\t<div class=\"elementor-element elementor-element-7727ad2 elementor-widget elementor-widget-heading\" data-id=\"7727ad2\" data-element_type=\"widget\" data-e-type=\"widget\" data-widget_type=\"heading.default\">\n\t\t\t\t<div class=\"elementor-widget-container\">\n\t\t\t\t\t<h3 class=\"elementor-heading-title elementor-size-default\">MIM-Technologie<\/h3>\t\t\t\t<\/div>\n\t\t\t\t<\/div>\n\t\t\t\t<div class=\"elementor-element elementor-element-6ad314e elementor-widget elementor-widget-text-editor\" data-id=\"6ad314e\" data-element_type=\"widget\" data-e-type=\"widget\" data-widget_type=\"text-editor.default\">\n\t\t\t\t<div class=\"elementor-widget-container\">\n\t\t\t\t\t\t\t\t\t<p>MIM-Produkte k\u00f6nnen komplexe Formen haben, pr\u00e4zise Abmessungen, eine hohe Festigkeit aufweisen und automatisch in gro\u00dfen Mengen hergestellt werden, wodurch sich die Komplexit\u00e4t und die Kosten der traditionellen Metallverarbeitung erheblich reduzieren lassen...<\/p>\t\t\t\t\t\t\t\t<\/div>\n\t\t\t\t<\/div>\n\t\t\t\t<div class=\"elementor-element elementor-element-c10a31b elementor-widget elementor-widget-button\" data-id=\"c10a31b\" data-element_type=\"widget\" data-e-type=\"widget\" data-widget_type=\"button.default\">\n\t\t\t\t<div class=\"elementor-widget-container\">\n\t\t\t\t\t\t\t\t\t<div class=\"elementor-button-wrapper\">\n\t\t\t\t\t<a class=\"elementor-button elementor-button-link elementor-size-sm\" href=\"https:\/\/met3dp.sg\/de\/mim-technology\/\">\n\t\t\t\t\t\t<span class=\"elementor-button-content-wrapper\">\n\t\t\t\t\t\t<span class=\"elementor-button-icon\">\n\t\t\t\t<svg xmlns=\"http:\/\/www.w3.org\/2000\/svg\" xmlns:xlink=\"http:\/\/www.w3.org\/1999\/xlink\" class=\"icon\" viewbox=\"0 0 1024 1024\" width=\"200\" height=\"200\"><path d=\"M873.1 596.2l-164-208C703 380.5 693.8 376 684 376h-64.8c-6.7 0-10.4 7.7-6.3 13l144.3 183H152c-4.4 0-8 3.6-8 8v60c0 4.4 3.6 8 8 8h695.9c26.8 0 41.7-30.8 25.2-51.8z\"><\/path><\/svg>\t\t\t<\/span>\n\t\t\t\t\t\t\t\t\t<span class=\"elementor-button-text\">MEHR ENTDECKEN<\/span>\n\t\t\t\t\t<\/span>\n\t\t\t\t\t<\/a>\n\t\t\t\t<\/div>\n\t\t\t\t\t\t\t\t<\/div>\n\t\t\t\t<\/div>\n\t\t\t\t\t<\/div>\n\t\t\t\t<\/div>\n\t\t\t\t<\/div>\n\t\t\t\t\t<\/div>\n\t\t\t\t<\/div>\n\t\t<div class=\"elementor-element elementor-element-6f8bbea e-flex e-con-boxed e-con e-parent\" data-id=\"6f8bbea\" data-element_type=\"container\" data-e-type=\"container\" data-settings=\"{&quot;background_background&quot;:&quot;classic&quot;}\">\n\t\t\t\t\t<div class=\"e-con-inner\">\n\t\t<div class=\"elementor-element elementor-element-e45ecd0 e-con-full e-flex e-con e-child\" data-id=\"e45ecd0\" data-element_type=\"container\" data-e-type=\"container\" data-settings=\"{&quot;background_background&quot;:&quot;classic&quot;}\">\n\t\t<div class=\"elementor-element elementor-element-2e22c94 e-flex e-con-boxed e-con e-child\" data-id=\"2e22c94\" data-element_type=\"container\" data-e-type=\"container\" data-settings=\"{&quot;background_background&quot;:&quot;classic&quot;}\">\n\t\t\t\t\t<div class=\"e-con-inner\">\n\t\t\t\t<div class=\"elementor-element elementor-element-c7c3121 elementor-widget elementor-widget-image\" data-id=\"c7c3121\" data-element_type=\"widget\" data-e-type=\"widget\" data-widget_type=\"image.default\">\n\t\t\t\t<div class=\"elementor-widget-container\">\n\t\t\t\t\t\t\t\t\t\t\t\t\t\t\t<img decoding=\"async\" width=\"599\" height=\"800\" src=\"https:\/\/met3dp.sg\/wp-content\/uploads\/2023\/09\/Vseires02.jpg\" class=\"attachment-large size-large wp-image-1034\" alt=\"\" srcset=\"https:\/\/met3dp.sg\/wp-content\/uploads\/2023\/09\/Vseires02.jpg 599w, https:\/\/met3dp.sg\/wp-content\/uploads\/2023\/09\/Vseires02-225x300.jpg 225w\" sizes=\"(max-width: 599px) 100vw, 599px\" title=\"\">\t\t\t\t\t\t\t\t\t\t\t\t\t\t\t<\/div>\n\t\t\t\t<\/div>\n\t\t\t\t\t<\/div>\n\t\t\t\t<\/div>\n\t\t<div class=\"elementor-element elementor-element-fc3d876 e-flex e-con-boxed e-con e-child\" data-id=\"fc3d876\" data-element_type=\"container\" data-e-type=\"container\" data-settings=\"{&quot;background_background&quot;:&quot;classic&quot;}\">\n\t\t\t\t\t<div class=\"e-con-inner\">\n\t\t\t\t<div class=\"elementor-element elementor-element-7a10d39 elementor-widget elementor-widget-heading\" data-id=\"7a10d39\" data-element_type=\"widget\" data-e-type=\"widget\" data-widget_type=\"heading.default\">\n\t\t\t\t<div class=\"elementor-widget-container\">\n\t\t\t\t\t<h3 class=\"elementor-heading-title elementor-size-default\">SLM-Technologie<\/h3>\t\t\t\t<\/div>\n\t\t\t\t<\/div>\n\t\t\t\t<div class=\"elementor-element elementor-element-e5a93ec elementor-widget elementor-widget-text-editor\" data-id=\"e5a93ec\" data-element_type=\"widget\" data-e-type=\"widget\" data-widget_type=\"text-editor.default\">\n\t\t\t\t<div class=\"elementor-widget-container\">\n\t\t\t\t\t\t\t\t\t<p>SLM, auch bekannt als Selective Laser Melting, \u00e4hnelt im Prinzip dem SLS, bei dem ein Laser verwendet wird, um Metallpulver in einem bestimmten Bereich zu schmelzen und zu verfestigen, das dann in einem Stapel Schicht f\u00fcr Schicht geformt wird...<\/p>\t\t\t\t\t\t\t\t<\/div>\n\t\t\t\t<\/div>\n\t\t\t\t<div class=\"elementor-element elementor-element-90e4be1 elementor-widget elementor-widget-button\" data-id=\"90e4be1\" data-element_type=\"widget\" data-e-type=\"widget\" data-widget_type=\"button.default\">\n\t\t\t\t<div class=\"elementor-widget-container\">\n\t\t\t\t\t\t\t\t\t<div class=\"elementor-button-wrapper\">\n\t\t\t\t\t<a class=\"elementor-button elementor-button-link elementor-size-sm\" href=\"https:\/\/met3dp.sg\/de\/slm-technology\/\">\n\t\t\t\t\t\t<span class=\"elementor-button-content-wrapper\">\n\t\t\t\t\t\t<span class=\"elementor-button-icon\">\n\t\t\t\t<svg xmlns=\"http:\/\/www.w3.org\/2000\/svg\" xmlns:xlink=\"http:\/\/www.w3.org\/1999\/xlink\" class=\"icon\" viewbox=\"0 0 1024 1024\" width=\"200\" height=\"200\"><path d=\"M873.1 596.2l-164-208C703 380.5 693.8 376 684 376h-64.8c-6.7 0-10.4 7.7-6.3 13l144.3 183H152c-4.4 0-8 3.6-8 8v60c0 4.4 3.6 8 8 8h695.9c26.8 0 41.7-30.8 25.2-51.8z\"><\/path><\/svg>\t\t\t<\/span>\n\t\t\t\t\t\t\t\t\t<span class=\"elementor-button-text\">MEHR ENTDECKEN<\/span>\n\t\t\t\t\t<\/span>\n\t\t\t\t\t<\/a>\n\t\t\t\t<\/div>\n\t\t\t\t\t\t\t\t<\/div>\n\t\t\t\t<\/div>\n\t\t\t\t\t<\/div>\n\t\t\t\t<\/div>\n\t\t\t\t<\/div>\n\t\t<div class=\"elementor-element elementor-element-1a008ed e-con-full e-flex e-con e-child\" data-id=\"1a008ed\" data-element_type=\"container\" data-e-type=\"container\" data-settings=\"{&quot;background_background&quot;:&quot;classic&quot;}\">\n\t\t<div class=\"elementor-element elementor-element-3b35a16 e-flex e-con-boxed e-con e-child\" data-id=\"3b35a16\" data-element_type=\"container\" data-e-type=\"container\" data-settings=\"{&quot;background_background&quot;:&quot;classic&quot;}\">\n\t\t\t\t\t<div class=\"e-con-inner\">\n\t\t\t\t<div class=\"elementor-element elementor-element-a7a7a10 elementor-widget elementor-widget-image\" data-id=\"a7a7a10\" data-element_type=\"widget\" data-e-type=\"widget\" data-widget_type=\"image.default\">\n\t\t\t\t<div class=\"elementor-widget-container\">\n\t\t\t\t\t\t\t\t\t\t\t\t\t\t\t<img loading=\"lazy\" decoding=\"async\" width=\"598\" height=\"800\" src=\"https:\/\/met3dp.sg\/wp-content\/uploads\/2023\/09\/Vseires03.jpg\" class=\"attachment-large size-large wp-image-1033\" alt=\"Pulver aus Titan-Molybd\u00e4n-Legierungen\" srcset=\"https:\/\/met3dp.sg\/wp-content\/uploads\/2023\/09\/Vseires03.jpg 598w, https:\/\/met3dp.sg\/wp-content\/uploads\/2023\/09\/Vseires03-224x300.jpg 224w\" sizes=\"(max-width: 598px) 100vw, 598px\" title=\"\">\t\t\t\t\t\t\t\t\t\t\t\t\t\t\t<\/div>\n\t\t\t\t<\/div>\n\t\t\t\t\t<\/div>\n\t\t\t\t<\/div>\n\t\t<div class=\"elementor-element elementor-element-3bd0f34 e-flex e-con-boxed e-con e-child\" data-id=\"3bd0f34\" data-element_type=\"container\" data-e-type=\"container\" data-settings=\"{&quot;background_background&quot;:&quot;classic&quot;}\">\n\t\t\t\t\t<div class=\"e-con-inner\">\n\t\t\t\t<div class=\"elementor-element elementor-element-fafbfcc elementor-widget elementor-widget-heading\" data-id=\"fafbfcc\" data-element_type=\"widget\" data-e-type=\"widget\" data-widget_type=\"heading.default\">\n\t\t\t\t<div class=\"elementor-widget-container\">\n\t\t\t\t\t<h3 class=\"elementor-heading-title elementor-size-default\">EBM-Technik<\/h3>\t\t\t\t<\/div>\n\t\t\t\t<\/div>\n\t\t\t\t<div class=\"elementor-element elementor-element-768d476 elementor-widget elementor-widget-text-editor\" data-id=\"768d476\" data-element_type=\"widget\" data-e-type=\"widget\" data-widget_type=\"text-editor.default\">\n\t\t\t\t<div class=\"elementor-widget-container\">\n\t\t\t\t\t\t\t\t\t<p>Elektronenstrahlschmelzen bezieht sich auf ein Vakuumschmelzverfahren, bei dem die kinetische Energie eines Hochgeschwindigkeits-Elektronenstrahls in W\u00e4rme umgewandelt wird, die als W\u00e4rmequelle f\u00fcr das Schmelzen von Metallen im Hochvakuum dient...<\/p>\t\t\t\t\t\t\t\t<\/div>\n\t\t\t\t<\/div>\n\t\t\t\t<div class=\"elementor-element elementor-element-d7cb7cb elementor-widget elementor-widget-button\" data-id=\"d7cb7cb\" data-element_type=\"widget\" data-e-type=\"widget\" data-widget_type=\"button.default\">\n\t\t\t\t<div class=\"elementor-widget-container\">\n\t\t\t\t\t\t\t\t\t<div class=\"elementor-button-wrapper\">\n\t\t\t\t\t<a class=\"elementor-button elementor-button-link elementor-size-sm\" href=\"https:\/\/met3dp.sg\/de\/ebm-technology\/\">\n\t\t\t\t\t\t<span class=\"elementor-button-content-wrapper\">\n\t\t\t\t\t\t<span class=\"elementor-button-icon\">\n\t\t\t\t<svg xmlns=\"http:\/\/www.w3.org\/2000\/svg\" xmlns:xlink=\"http:\/\/www.w3.org\/1999\/xlink\" class=\"icon\" viewbox=\"0 0 1024 1024\" width=\"200\" height=\"200\"><path d=\"M873.1 596.2l-164-208C703 380.5 693.8 376 684 376h-64.8c-6.7 0-10.4 7.7-6.3 13l144.3 183H152c-4.4 0-8 3.6-8 8v60c0 4.4 3.6 8 8 8h695.9c26.8 0 41.7-30.8 25.2-51.8z\"><\/path><\/svg>\t\t\t<\/span>\n\t\t\t\t\t\t\t\t\t<span class=\"elementor-button-text\">MEHR ENTDECKEN<\/span>\n\t\t\t\t\t<\/span>\n\t\t\t\t\t<\/a>\n\t\t\t\t<\/div>\n\t\t\t\t\t\t\t\t<\/div>\n\t\t\t\t<\/div>\n\t\t\t\t\t<\/div>\n\t\t\t\t<\/div>\n\t\t\t\t<\/div>\n\t\t\t\t\t<\/div>\n\t\t\t\t<\/div>\n\t\t\t\t<\/div>","protected":false},"excerpt":{"rendered":"<p>3D Printing Metal Powder Printing Methods Unlocking Possibilities: Discover Metal3DP&#8217;s Diverse Industry Applications 3D printing of metal parts involves selectively joining fine metallic powders layer-by-layer based on a digital model. There are several printing techniques used for metal powder bed fusion: Selective Laser Melting (SLM) uses a high-powered laser to selectively melt and fuse metal [&hellip;]<\/p>\n","protected":false},"author":1,"featured_media":0,"parent":0,"menu_order":0,"comment_status":"closed","ping_status":"closed","template":"","meta":{"footnotes":""},"class_list":["post-1004","page","type-page","status-publish","hentry"],"blocksy_meta":[],"_links":{"self":[{"href":"https:\/\/met3dp.sg\/de\/wp-json\/wp\/v2\/pages\/1004","targetHints":{"allow":["GET"]}}],"collection":[{"href":"https:\/\/met3dp.sg\/de\/wp-json\/wp\/v2\/pages"}],"about":[{"href":"https:\/\/met3dp.sg\/de\/wp-json\/wp\/v2\/types\/page"}],"author":[{"embeddable":true,"href":"https:\/\/met3dp.sg\/de\/wp-json\/wp\/v2\/users\/1"}],"replies":[{"embeddable":true,"href":"https:\/\/met3dp.sg\/de\/wp-json\/wp\/v2\/comments?post=1004"}],"version-history":[{"count":52,"href":"https:\/\/met3dp.sg\/de\/wp-json\/wp\/v2\/pages\/1004\/revisions"}],"predecessor-version":[{"id":1923,"href":"https:\/\/met3dp.sg\/de\/wp-json\/wp\/v2\/pages\/1004\/revisions\/1923"}],"wp:attachment":[{"href":"https:\/\/met3dp.sg\/de\/wp-json\/wp\/v2\/media?parent=1004"}],"curies":[{"name":"wp","href":"https:\/\/api.w.org\/{rel}","templated":true}]}}